{"id":159,"date":"2023-08-07T00:22:10","date_gmt":"2023-08-07T00:22:10","guid":{"rendered":"https:\/\/empaquesdelsur.com\/?page_id=159"},"modified":"2023-08-07T00:23:39","modified_gmt":"2023-08-07T00:23:39","slug":"nosotros","status":"publish","type":"page","link":"https:\/\/empaquesdelsur.com\/?page_id=159","title":{"rendered":"NOSOTROS"},"content":{"rendered":"<p>[et_pb_section fb_built=&#8221;1&#8243; fullwidth=&#8221;on&#8221; _builder_version=&#8221;4.4.2&#8243;][et_pb_fullwidth_image src=&#8221;https:\/\/empaquesdelsur.com\/wp-content\/uploads\/2023\/02\/BANNER-09.jpg&#8221; _builder_version=&#8221;4.4.2&#8243;][\/et_pb_fullwidth_image][\/et_pb_section][et_pb_section fb_built=&#8221;1&#8243; _builder_version=&#8221;4.4.2&#8243;][et_pb_row _builder_version=&#8221;4.4.2&#8243;][et_pb_column type=&#8221;4_4&#8243; _builder_version=&#8221;4.4.2&#8243;][et_pb_image src=&#8221;https:\/\/empaquesdelsur.com\/wp-content\/uploads\/2023\/02\/LOGO-EMPAQUES-DEL-SUR-FINAL-03.jpg&#8221; _builder_version=&#8221;4.4.2&#8243; width=&#8221;65%&#8221; module_alignment=&#8221;center&#8221; custom_margin=&#8221;44px|||||&#8221;][\/et_pb_image][et_pb_text _builder_version=&#8221;4.4.2&#8243; text_font=&#8221;Poppins|600|||||||&#8221; text_text_color=&#8221;#72b52d&#8221; text_font_size=&#8221;30px&#8221; header_font_size=&#8221;44px&#8221; text_orientation=&#8221;center&#8221; custom_margin=&#8221;-14px||21px|||&#8221;]<\/p>\n<p>\u201cCuidando del medio ambiente con desarrollo sostenible\u201d<\/p>\n<p>[\/et_pb_text][et_pb_text _builder_version=&#8221;4.4.2&#8243; text_font_size=&#8221;18px&#8221; text_orientation=&#8221;center&#8221; custom_margin=&#8221;-19px|||||&#8221; custom_padding=&#8221;19px|||||&#8221;]<\/p>\n<p style=\"text-align: justify;\">En Empaques del Sur, somos una organizaci\u00f3n especializada en la recuperaci\u00f3n y revalorizaci\u00f3n de materiales pl\u00e1sticos, aportando en el cuidado del medio ambiente y desarrollo sostenible.<\/p>\n<p>[\/et_pb_text][\/et_pb_column][\/et_pb_row][\/et_pb_section][et_pb_section fb_built=&#8221;1&#8243; _builder_version=&#8221;4.4.2&#8243; background_color=&#8221;#5694cc&#8221;][et_pb_row column_structure=&#8221;3_5,2_5&#8243; _builder_version=&#8221;4.4.2&#8243;][et_pb_column type=&#8221;3_5&#8243; _builder_version=&#8221;4.4.2&#8243;][et_pb_text _builder_version=&#8221;4.4.2&#8243; text_font=&#8221;Poppins|600|||||||&#8221; text_text_color=&#8221;#ffffff&#8221; text_font_size=&#8221;67px&#8221; header_font_size=&#8221;44px&#8221; custom_margin=&#8221;10px|||||&#8221;]<\/p>\n<p>Nuestro<\/p>\n<p>[\/et_pb_text][et_pb_text _builder_version=&#8221;4.4.2&#8243; text_font=&#8221;Poppins|700|||||||&#8221; text_text_color=&#8221;#ffffff&#8221; text_font_size=&#8221;67px&#8221; header_font_size=&#8221;44px&#8221; custom_margin=&#8221;52px|||||&#8221;]<\/p>\n<p>PROP\u00d3SITO<\/p>\n<p>[\/et_pb_text][et_pb_divider color=&#8221;#ffffff&#8221; divider_weight=&#8221;5px&#8221; _builder_version=&#8221;4.4.2&#8243; width=&#8221;49%&#8221;][\/et_pb_divider][et_pb_text _builder_version=&#8221;4.4.2&#8243; text_text_color=&#8221;#ffffff&#8221; text_font_size=&#8221;19px&#8221; text_line_height=&#8221;1.8em&#8221; text_orientation=&#8221;justified&#8221;]<\/p>\n<p>El prop\u00f3sito primordial de la implementaci\u00f3n del planeamiento estrat\u00e9gico es establecer las estrategias que permitan llegar a la visi\u00f3n y que la empresa sea en el a\u00f1o 2025 una de las principales industrias a nivel nacional e internacional.<\/p>\n<p>En base al estudio realizado, se ha delineado la visi\u00f3n fundamental para el desarrollo de la empresa, la misma que actuar\u00e1 con procesos innovadores en favor de la comunidad.<\/p>\n<p>De ella se han derivado los objetivos a largo plazo, la misi\u00f3n, los valores han sido definidos con la finalidad de afianzar los resultados favorables para la empresa.<\/p>\n<p>[\/et_pb_text][\/et_pb_column][et_pb_column type=&#8221;2_5&#8243; _builder_version=&#8221;4.4.2&#8243;][et_pb_image src=&#8221;https:\/\/empaquesdelsur.com\/wp-content\/uploads\/2023\/02\/FOTO.jpg&#8221; _builder_version=&#8221;4.4.2&#8243;][\/et_pb_image][\/et_pb_column][\/et_pb_row][et_pb_row column_structure=&#8221;1_2,1_2&#8243; _builder_version=&#8221;4.4.2&#8243;][et_pb_column type=&#8221;1_2&#8243; _builder_version=&#8221;4.4.2&#8243;][et_pb_text _builder_version=&#8221;4.4.2&#8243; text_font=&#8221;Poppins|600|||||||&#8221; text_text_color=&#8221;#ffffff&#8221; text_font_size=&#8221;45px&#8221; header_font_size=&#8221;44px&#8221; custom_margin=&#8221;10px|||||&#8221;]<\/p>\n<p>Misi\u00f3n<\/p>\n<p>[\/et_pb_text][et_pb_text _builder_version=&#8221;4.4.2&#8243; text_text_color=&#8221;#ffffff&#8221; text_font_size=&#8221;19px&#8221; text_line_height=&#8221;1.8em&#8221; text_orientation=&#8221;justified&#8221;]<\/p>\n<p>Llevar al mercado productos y servicios de calidad, que satisfagan los requerimientos de nuestros clientes, en base a la responsabilidad, compromiso y cuidado del medio ambiente, manteniendo una permanente superaci\u00f3n tecnol\u00f3gica y una pol\u00edtica de mejora continua.\u201d.<\/p>\n<p>[\/et_pb_text][\/et_pb_column][et_pb_column type=&#8221;1_2&#8243; _builder_version=&#8221;4.4.2&#8243;][et_pb_text _builder_version=&#8221;4.4.2&#8243; text_font=&#8221;Poppins|600|||||||&#8221; text_text_color=&#8221;#ffffff&#8221; text_font_size=&#8221;45px&#8221; header_font_size=&#8221;44px&#8221; custom_margin=&#8221;10px|||||&#8221;]<\/p>\n<p>Visi\u00f3n<\/p>\n<p>[\/et_pb_text][et_pb_text _builder_version=&#8221;4.4.2&#8243; text_text_color=&#8221;#ffffff&#8221; text_font_size=&#8221;19px&#8221; text_line_height=&#8221;1.8em&#8221; text_orientation=&#8221;justified&#8221;]<\/p>\n<p>\u201cSer una empresa l\u00edder competitiva, din\u00e1mica e innovadora reconocida a nivel nacional e internacional por la calidad de nuestros productos y por el compromiso que tenemos con nuestros clientes y toda la cadena productiva.\u201d.<\/p>\n<p>[\/et_pb_text][\/et_pb_column][\/et_pb_row][\/et_pb_section][et_pb_section fb_built=&#8221;1&#8243; _builder_version=&#8221;4.4.2&#8243;][et_pb_row _builder_version=&#8221;4.4.2&#8243;][et_pb_column type=&#8221;4_4&#8243; _builder_version=&#8221;4.4.2&#8243;][et_pb_text _builder_version=&#8221;4.4.2&#8243; text_font=&#8221;Poppins|600|||||||&#8221; text_text_color=&#8221;#72b52d&#8221; text_font_size=&#8221;45px&#8221; header_font_size=&#8221;44px&#8221; custom_margin=&#8221;10px|||||&#8221;]<\/p>\n<p>Valores<\/p>\n<p>[\/et_pb_text][et_pb_text _builder_version=&#8221;4.4.2&#8243; text_font_size=&#8221;18px&#8221; custom_margin=&#8221;-19px|||||&#8221; custom_padding=&#8221;19px|||||&#8221;]<\/p>\n<p style=\"text-align: justify;\">Los principales valores que guiar\u00e1n el accionar de la empresa para los pr\u00f3ximos a\u00f1os ser\u00e1n los siguientes:<\/p>\n<p>[\/et_pb_text][\/et_pb_column][\/et_pb_row][et_pb_row column_structure=&#8221;1_2,1_2&#8243; _builder_version=&#8221;4.4.2&#8243;][et_pb_column type=&#8221;1_2&#8243; _builder_version=&#8221;4.4.2&#8243;][et_pb_blurb title=&#8221;LIDERAZGO&#8221; image=&#8221;https:\/\/empaquesdelsur.com\/wp-content\/uploads\/2023\/02\/icon-07.png&#8221; icon_placement=&#8221;left&#8221; image_max_width=&#8221;100px&#8221; content_max_width=&#8221;514px&#8221; _builder_version=&#8221;4.4.2&#8243; header_font_size=&#8221;22px&#8221; body_font_size=&#8221;16px&#8221; text_orientation=&#8221;justified&#8221; custom_margin=&#8221;||76px|||&#8221;]<\/p>\n<p>En la b\u00fasqueda de ofrecer productos de calidad y altamente competitivos, que generen un impacto positivo en la industria.<\/p>\n<p>[\/et_pb_blurb][et_pb_blurb title=&#8221;SINERGIA&#8221; image=&#8221;https:\/\/empaquesdelsur.com\/wp-content\/uploads\/2023\/02\/icon-08.png&#8221; icon_placement=&#8221;left&#8221; image_max_width=&#8221;100px&#8221; content_max_width=&#8221;514px&#8221; _builder_version=&#8221;4.4.2&#8243; header_font_size=&#8221;22px&#8221; body_font_size=&#8221;16px&#8221; text_orientation=&#8221;justified&#8221; custom_margin=&#8221;||62px|||&#8221;]<\/p>\n<p>Impulsar el trabajo en equipo para que sea comprendido y aceptado por todos los involucrados, con el fin de alcanzar el objetivo com\u00fan, superando los resultados esperados.<\/p>\n<p>[\/et_pb_blurb][et_pb_blurb title=&#8221;HONESTIDAD&#8221; image=&#8221;https:\/\/empaquesdelsur.com\/wp-content\/uploads\/2023\/02\/icon-09.png&#8221; icon_placement=&#8221;left&#8221; image_max_width=&#8221;100px&#8221; content_max_width=&#8221;514px&#8221; _builder_version=&#8221;4.4.2&#8243; header_font_size=&#8221;22px&#8221; body_font_size=&#8221;16px&#8221; text_orientation=&#8221;justified&#8221; custom_margin=&#8221;||58px|||&#8221;]<\/p>\n<p>Establecer acciones que se caractericen por ser transparentes y consecuentes con los principios \u00e9ticos..<\/p>\n<p>[\/et_pb_blurb][et_pb_blurb title=&#8221;ENFOQUE&#8221; image=&#8221;https:\/\/empaquesdelsur.com\/wp-content\/uploads\/2023\/02\/icon-10.png&#8221; icon_placement=&#8221;left&#8221; image_max_width=&#8221;100px&#8221; content_max_width=&#8221;514px&#8221; _builder_version=&#8221;4.4.2&#8243; header_font_size=&#8221;22px&#8221; body_font_size=&#8221;16px&#8221;]<\/p>\n<p>Orientaci\u00f3n hacia el cliente con la predisposici\u00f3n de superar sus expectativas frente a los productos elaborados.<\/p>\n<p>[\/et_pb_blurb][\/et_pb_column][et_pb_column type=&#8221;1_2&#8243; _builder_version=&#8221;4.4.2&#8243;][et_pb_blurb title=&#8221;COMPROMISO&#8221; image=&#8221;https:\/\/empaquesdelsur.com\/wp-content\/uploads\/2023\/02\/icon-11.png&#8221; icon_placement=&#8221;left&#8221; image_max_width=&#8221;100px&#8221; content_max_width=&#8221;514px&#8221; _builder_version=&#8221;4.4.2&#8243; header_font_size=&#8221;22px&#8221; body_font_size=&#8221;16px&#8221; text_orientation=&#8221;justified&#8221; custom_margin=&#8221;||76px|||&#8221;]<\/p>\n<p>Toma de conciencia en beneficio del medio ambiente, las comunidades vinculadas, la sociedad en general y los sectores relacionados.<\/p>\n<p>[\/et_pb_blurb][et_pb_blurb title=&#8221;RESPETO&#8221; image=&#8221;https:\/\/empaquesdelsur.com\/wp-content\/uploads\/2023\/02\/icon-12.png&#8221; icon_placement=&#8221;left&#8221; image_max_width=&#8221;100px&#8221; content_max_width=&#8221;514px&#8221; _builder_version=&#8221;4.4.2&#8243; header_font_size=&#8221;22px&#8221; body_font_size=&#8221;16px&#8221; text_orientation=&#8221;justified&#8221; custom_margin=&#8221;||54px|||&#8221;]<\/p>\n<p>Mantener una convivencia sana y pac\u00edfica entre los diferentes actores del sector en pro del crecimiento conjunto.<\/p>\n<p>[\/et_pb_blurb][et_pb_blurb title=&#8221;CREATIVIDAD&#8221; image=&#8221;https:\/\/empaquesdelsur.com\/wp-content\/uploads\/2023\/02\/icon-13.png&#8221; icon_placement=&#8221;left&#8221; image_max_width=&#8221;100px&#8221; content_max_width=&#8221;514px&#8221; _builder_version=&#8221;4.4.2&#8243; header_font_size=&#8221;22px&#8221; body_font_size=&#8221;16px&#8221; text_orientation=&#8221;justified&#8221; custom_margin=&#8221;||54px|||&#8221;]<\/p>\n<p>Desarrollo de nuevas ideas e innovaci\u00f3n en los procesos y productos de la industria.<\/p>\n<p>[\/et_pb_blurb][\/et_pb_column][\/et_pb_row][\/et_pb_section][et_pb_section fb_built=&#8221;1&#8243; fullwidth=&#8221;on&#8221; _builder_version=&#8221;4.4.2&#8243;][et_pb_fullwidth_code _builder_version=&#8221;4.4.2&#8243;]<iframe src=\"https:\/\/www.google.com\/maps\/embed?pb=!1m14!1m8!1m3!1d15604.832652196814!2d-76.9725327!3d-12.0978972!3m2!1i1024!2i768!4f13.1!3m3!1m2!1s0x9105c7a459138d27%3A0x59cbd602bb6e3322!2sRegus%20-%20Lima%2C%20Lima%20Central%20Tower!5e0!3m2!1ses-419!2spe!4v1676667052911!5m2!1ses-419!2spe\" width=\"100%\" height=\"600\" style=\"border:0;\" allowfullscreen=\"\" loading=\"lazy\" referrerpolicy=\"no-referrer-when-downgrade\"><\/iframe>[\/et_pb_fullwidth_code][\/et_pb_section][et_pb_section fb_built=&#8221;1&#8243; _builder_version=&#8221;4.4.2&#8243; background_image=&#8221;https:\/\/empaquesdelsur.com\/wp-content\/uploads\/2023\/02\/background-14.png&#8221;][et_pb_row column_structure=&#8221;1_2,1_2&#8243; _builder_version=&#8221;4.4.2&#8243;][et_pb_column type=&#8221;1_2&#8243; _builder_version=&#8221;4.4.2&#8243;][et_pb_image src=&#8221;https:\/\/empaquesdelsur.com\/wp-content\/uploads\/2023\/02\/LOGO-EMPAQUES-DEL-SUR-FINAL-03.png&#8221; _builder_version=&#8221;4.4.2&#8243; custom_padding=&#8221;38px|||||&#8221;][\/et_pb_image][\/et_pb_column][et_pb_column type=&#8221;1_2&#8243; _builder_version=&#8221;4.4.2&#8243;][et_pb_blurb title=&#8221;Oficinas: &#8221; use_icon=&#8221;on&#8221; font_icon=&#8221;%%249%%&#8221; icon_color=&#8221;#ffffff&#8221; icon_placement=&#8221;left&#8221; content_max_width=&#8221;408px&#8221; _builder_version=&#8221;4.4.2&#8243; body_font_size=&#8221;16px&#8221; background_layout=&#8221;dark&#8221;]<\/p>\n<p>Av. El Derby 254 Edificio Lima Central Tower Piso 25 &#8211; Of 2535- Surco<\/p>\n<p>[\/et_pb_blurb][et_pb_blurb title=&#8221;Planta:&#8221; use_icon=&#8221;on&#8221; font_icon=&#8221;%%144%%&#8221; icon_color=&#8221;#ffffff&#8221; icon_placement=&#8221;left&#8221; content_max_width=&#8221;408px&#8221; _builder_version=&#8221;4.4.2&#8243; body_font_size=&#8221;16px&#8221; background_layout=&#8221;dark&#8221;]<\/p>\n<p>Calle los Molinos Mz 10-Lt 3B Parque Industrial Villa el Salvador<\/p>\n<p>[\/et_pb_blurb][et_pb_blurb title=&#8221;Informes:&#8221; use_icon=&#8221;on&#8221; font_icon=&#8221;%%86%%&#8221; icon_color=&#8221;#ffffff&#8221; icon_placement=&#8221;left&#8221; content_max_width=&#8221;408px&#8221; _builder_version=&#8221;4.4.2&#8243; body_font_size=&#8221;16px&#8221; background_layout=&#8221;dark&#8221;]<\/p>\n<p>01 711-4359\u00a0 |\u00a0 +51 967 105 226<\/p>\n<p>[\/et_pb_blurb][\/et_pb_column][\/et_pb_row][et_pb_row _builder_version=&#8221;4.4.2&#8243;][et_pb_column type=&#8221;4_4&#8243; _builder_version=&#8221;4.4.2&#8243;][et_pb_contact_form _builder_version=&#8221;4.4.2&#8243; custom_button=&#8221;on&#8221; button_text_color=&#8221;#ffffff&#8221; button_bg_color=&#8221;#72b52d&#8221; button_border_width=&#8221;0px&#8221;][et_pb_contact_field field_id=&#8221;Name&#8221; field_title=&#8221;Nombre&#8221; _builder_version=&#8221;3.16&#8243; button_text_size__hover_enabled=&#8221;off&#8221; button_one_text_size__hover_enabled=&#8221;off&#8221; button_two_text_size__hover_enabled=&#8221;off&#8221; button_text_color__hover_enabled=&#8221;off&#8221; button_one_text_color__hover_enabled=&#8221;off&#8221; button_two_text_color__hover_enabled=&#8221;off&#8221; button_border_width__hover_enabled=&#8221;off&#8221; button_one_border_width__hover_enabled=&#8221;off&#8221; button_two_border_width__hover_enabled=&#8221;off&#8221; button_border_color__hover_enabled=&#8221;off&#8221; button_one_border_color__hover_enabled=&#8221;off&#8221; button_two_border_color__hover_enabled=&#8221;off&#8221; button_border_radius__hover_enabled=&#8221;off&#8221; button_one_border_radius__hover_enabled=&#8221;off&#8221; button_two_border_radius__hover_enabled=&#8221;off&#8221; button_letter_spacing__hover_enabled=&#8221;off&#8221; button_one_letter_spacing__hover_enabled=&#8221;off&#8221; button_two_letter_spacing__hover_enabled=&#8221;off&#8221; button_bg_color__hover_enabled=&#8221;off&#8221; button_one_bg_color__hover_enabled=&#8221;off&#8221; button_two_bg_color__hover_enabled=&#8221;off&#8221;][\/et_pb_contact_field][et_pb_contact_field field_id=&#8221;Email&#8221; field_title=&#8221;Direcci\u00f3n de correo electr\u00f3nico&#8221; field_type=&#8221;email&#8221; _builder_version=&#8221;3.16&#8243; button_text_size__hover_enabled=&#8221;off&#8221; button_one_text_size__hover_enabled=&#8221;off&#8221; button_two_text_size__hover_enabled=&#8221;off&#8221; button_text_color__hover_enabled=&#8221;off&#8221; button_one_text_color__hover_enabled=&#8221;off&#8221; button_two_text_color__hover_enabled=&#8221;off&#8221; button_border_width__hover_enabled=&#8221;off&#8221; button_one_border_width__hover_enabled=&#8221;off&#8221; button_two_border_width__hover_enabled=&#8221;off&#8221; button_border_color__hover_enabled=&#8221;off&#8221; button_one_border_color__hover_enabled=&#8221;off&#8221; button_two_border_color__hover_enabled=&#8221;off&#8221; button_border_radius__hover_enabled=&#8221;off&#8221; button_one_border_radius__hover_enabled=&#8221;off&#8221; button_two_border_radius__hover_enabled=&#8221;off&#8221; button_letter_spacing__hover_enabled=&#8221;off&#8221; button_one_letter_spacing__hover_enabled=&#8221;off&#8221; button_two_letter_spacing__hover_enabled=&#8221;off&#8221; button_bg_color__hover_enabled=&#8221;off&#8221; button_one_bg_color__hover_enabled=&#8221;off&#8221; button_two_bg_color__hover_enabled=&#8221;off&#8221;][\/et_pb_contact_field][et_pb_contact_field field_id=&#8221;Message&#8221; field_title=&#8221;Mensaje&#8221; field_type=&#8221;text&#8221; fullwidth_field=&#8221;on&#8221; _builder_version=&#8221;3.16&#8243; button_text_size__hover_enabled=&#8221;off&#8221; button_one_text_size__hover_enabled=&#8221;off&#8221; button_two_text_size__hover_enabled=&#8221;off&#8221; button_text_color__hover_enabled=&#8221;off&#8221; button_one_text_color__hover_enabled=&#8221;off&#8221; button_two_text_color__hover_enabled=&#8221;off&#8221; button_border_width__hover_enabled=&#8221;off&#8221; button_one_border_width__hover_enabled=&#8221;off&#8221; button_two_border_width__hover_enabled=&#8221;off&#8221; button_border_color__hover_enabled=&#8221;off&#8221; button_one_border_color__hover_enabled=&#8221;off&#8221; button_two_border_color__hover_enabled=&#8221;off&#8221; button_border_radius__hover_enabled=&#8221;off&#8221; button_one_border_radius__hover_enabled=&#8221;off&#8221; button_two_border_radius__hover_enabled=&#8221;off&#8221; button_letter_spacing__hover_enabled=&#8221;off&#8221; button_one_letter_spacing__hover_enabled=&#8221;off&#8221; button_two_letter_spacing__hover_enabled=&#8221;off&#8221; button_bg_color__hover_enabled=&#8221;off&#8221; button_one_bg_color__hover_enabled=&#8221;off&#8221; button_two_bg_color__hover_enabled=&#8221;off&#8221;][\/et_pb_contact_field][\/et_pb_contact_form][\/et_pb_column][\/et_pb_row][\/et_pb_section]<\/p>\n","protected":false},"excerpt":{"rendered":"<p>[et_pb_section fb_built=&#8221;1&#8243; fullwidth=&#8221;on&#8221; _builder_version=&#8221;4.4.2&#8243;][et_pb_fullwidth_image src=&#8221;https:\/\/empaquesdelsur.com\/wp-content\/uploads\/2023\/02\/BANNER-09.jpg&#8221; _builder_version=&#8221;4.4.2&#8243;][\/et_pb_fullwidth_image][\/et_pb_section][et_pb_section fb_built=&#8221;1&#8243; _builder_version=&#8221;4.4.2&#8243;][et_pb_row _builder_version=&#8221;4.4.2&#8243;][et_pb_column type=&#8221;4_4&#8243; _builder_version=&#8221;4.4.2&#8243;][et_pb_image src=&#8221;https:\/\/empaquesdelsur.com\/wp-content\/uploads\/2023\/02\/LOGO-EMPAQUES-DEL-SUR-FINAL-03.jpg&#8221; _builder_version=&#8221;4.4.2&#8243; width=&#8221;65%&#8221; module_alignment=&#8221;center&#8221; custom_margin=&#8221;44px|||||&#8221;][\/et_pb_image][et_pb_text _builder_version=&#8221;4.4.2&#8243; text_font=&#8221;Poppins|600|||||||&#8221; text_text_color=&#8221;#72b52d&#8221; text_font_size=&#8221;30px&#8221; header_font_size=&#8221;44px&#8221; text_orientation=&#8221;center&#8221; custom_margin=&#8221;-14px||21px|||&#8221;] \u201cCuidando del medio ambiente con desarrollo sostenible\u201d [\/et_pb_text][et_pb_text _builder_version=&#8221;4.4.2&#8243; text_font_size=&#8221;18px&#8221; text_orientation=&#8221;center&#8221; custom_margin=&#8221;-19px|||||&#8221; custom_padding=&#8221;19px|||||&#8221;] En Empaques del Sur, somos una organizaci\u00f3n especializada en la recuperaci\u00f3n y revalorizaci\u00f3n de materiales pl\u00e1sticos, aportando en el [&hellip;]<\/p>\n","protected":false},"author":1,"featured_media":0,"parent":0,"menu_order":0,"comment_status":"closed","ping_status":"closed","template":"","meta":{"_et_pb_use_builder":"on","_et_pb_old_content":"","_et_gb_content_width":"","footnotes":""},"_links":{"self":[{"href":"https:\/\/empaquesdelsur.com\/index.php?rest_route=\/wp\/v2\/pages\/159"}],"collection":[{"href":"https:\/\/empaquesdelsur.com\/index.php?rest_route=\/wp\/v2\/pages"}],"about":[{"href":"https:\/\/empaquesdelsur.com\/index.php?rest_route=\/wp\/v2\/types\/page"}],"author":[{"embeddable":true,"href":"https:\/\/empaquesdelsur.com\/index.php?rest_route=\/wp\/v2\/users\/1"}],"replies":[{"embeddable":true,"href":"https:\/\/empaquesdelsur.com\/index.php?rest_route=%2Fwp%2Fv2%2Fcomments&post=159"}],"version-history":[{"count":3,"href":"https:\/\/empaquesdelsur.com\/index.php?rest_route=\/wp\/v2\/pages\/159\/revisions"}],"predecessor-version":[{"id":162,"href":"https:\/\/empaquesdelsur.com\/index.php?rest_route=\/wp\/v2\/pages\/159\/revisions\/162"}],"wp:attachment":[{"href":"https:\/\/empaquesdelsur.com\/index.php?rest_route=%2Fwp%2Fv2%2Fmedia&parent=159"}],"curies":[{"name":"wp","href":"https:\/\/api.w.org\/{rel}","templated":true}]}}